{"id":1377,"date":"2019-02-28T10:19:38","date_gmt":"2019-02-28T15:19:38","guid":{"rendered":"https:\/\/www.cbscanada.com\/list-an-account\/"},"modified":"2022-01-26T12:16:02","modified_gmt":"2022-01-26T17:16:02","slug":"list-an-account","status":"publish","type":"page","link":"https:\/\/cbscanada.com\/fr\/list-an-account\/","title":{"rendered":"List An Account"},"content":{"rendered":"<h1 style=\"text-align: center;\"><strong>Inscrire un compte<\/strong><\/h1>\n<p style=\"text-align: center;\"><em>Recouvrez vos cr\u00e9ances, sans risque<\/em><\/p>\n<p style=\"text-align: center;\"><span lang=\"fr\" style=\"\"><strong>MISE \u00c0 JOUR<\/strong>: Dans le but d&#8217;am\u00e9liorer notre capacit\u00e9 \u00e0 mieux vous servir et \u00e0 utiliser les plates-formes les plus s\u00e9curis\u00e9es et les plus avanc\u00e9es disponibles, nous mettons \u00e0 niveau notre portail d&#8217;annonces en libre-service pour nos clients actuels. <\/span><\/p>\n<p style=\"text-align: center;\"><span lang=\"fr\" style=\"\">Nous &nbsp;excusons pour tout inconv\u00e9nients . Pour le moment, veuillez envoyer tout nouveau dossier \u00e0 recouvrir \u00e0 l\u2019adresse suivante&nbsp;<\/span><a data-auth=\"NotApplicable\" href=\"mailto:inquiry@cbscanada.com\" target=\"_blank\" style=\"outline: none;\" rel=\"noopener\"><span lang=\"fr-CA\" style=\"\">inquiry@cbscanada.com<\/span><\/a><span lang=\"fr\" style=\"\">&nbsp;ou \u00e0 votre gestionnaire de compte personnel.<\/span><\/p>\n<p style=\"text-align: left;\"><strong>Vous cherchez plus d&#8217;informations?<\/strong><\/p>\n<p>Remplissez le formulaire ci-dessous et un directeur de compte communiquera avec vous dans les 24 heures. <strong>Comme toujours : &nbsp;si nous ne recouvrons pas vos fonds, vous ne payez pas.<\/strong><\/p>\n<p><strong><\/strong><\/p>\n<p><em><span style=\"font-size: 14px;\"><strong>Pour obtenir des renseignements sur votre propre dossier de cr\u00e9dit, visitez <\/strong><\/span><\/em><a href=\"http:\/\/www.transunion.ca\/\" target=\"_blank\" rel=\"noopener\"><em><span style=\"font-size: 14px;\"><strong>www.transunion.ca<\/strong><\/span><\/em><\/a><em><span style=\"font-size: 14px;\"><strong>&nbsp;ou <\/strong><\/span><\/em><a href=\"http:\/\/www.equifax.ca\/\" target=\"_blank\" style=\"outline: none;\" rel=\"noopener\"><em><span style=\"font-size: 14px;\"><strong>www.equifax.ca <\/strong><\/span><\/em><\/a><em><span style=\"font-size: 14px;\"><strong>&nbsp;&nbsp;&nbsp;<\/strong><\/span><\/em><\/p>\n<p><span style=\"font-size: 14px;\"><strong><em>&nbsp;<\/em><\/strong><\/span><\/p>\n<p><em><span style=\"font-size: 14px;\"><strong>Credit Bureau Services Canada est une agence de recouvrement uniquement. Nous ne pouvons pas consulter les rapports de cr\u00e9dit dans le but de fournir des renseignements ou des rapports aux clients. Nous n\u2019offrons pas de services-conseils en cr\u00e9dit.<\/strong><\/span><\/em><\/p>\n<p><em>Les champs marqu\u00e9s d\u2019un * sont obligatoires<\/em><\/p>\n\n<div class=\"wpcf7 no-js\" id=\"wpcf7-f1416-o1\" lang=\"en-US\" dir=\"ltr\" data-wpcf7-id=\"1416\">\n<div class=\"screen-reader-response\"><p role=\"status\" aria-live=\"polite\" aria-atomic=\"true\"><\/p> <ul><\/ul><\/div>\n<form action=\"\/fr\/wp-json\/wp\/v2\/pages\/1377#wpcf7-f1416-o1\" method=\"post\" class=\"wpcf7-form init\" aria-label=\"Contact form\" novalidate=\"novalidate\" data-status=\"init\">\n<fieldset class=\"hidden-fields-container\"><input type=\"hidden\" name=\"_wpcf7\" value=\"1416\" \/><input type=\"hidden\" name=\"_wpcf7_version\" value=\"6.1.5\" \/><input type=\"hidden\" name=\"_wpcf7_locale\" value=\"en_US\" \/><input type=\"hidden\" name=\"_wpcf7_unit_tag\" value=\"wpcf7-f1416-o1\" \/><input type=\"hidden\" name=\"_wpcf7_container_post\" value=\"0\" \/><input type=\"hidden\" name=\"_wpcf7_posted_data_hash\" value=\"\" \/><input type=\"hidden\" name=\"_wpcf7_recaptcha_response\" value=\"\" \/>\n<\/fieldset>\n<p><label><br \/>\n<span class=\"wpcf7-form-control-wrap\" data-name=\"your-firstname\"><input size=\"40\" maxlength=\"400\" class=\"wpcf7-form-control wpcf7-text wpcf7-validates-as-required\" aria-required=\"true\" aria-invalid=\"false\" placeholder=\"Pr\u00e9nom*\" value=\"\" type=\"text\" name=\"your-firstname\" \/><\/span> <\/label>\n<\/p>\n<p><label><br \/>\n<span class=\"wpcf7-form-control-wrap\" data-name=\"your-lastname\"><input size=\"40\" maxlength=\"400\" class=\"wpcf7-form-control wpcf7-text wpcf7-validates-as-required\" aria-required=\"true\" aria-invalid=\"false\" placeholder=\"Nom de famille*\" value=\"\" type=\"text\" name=\"your-lastname\" \/><\/span> <\/label>\n<\/p>\n<p><label><br \/>\n<span class=\"wpcf7-form-control-wrap\" data-name=\"company-name\"><input size=\"40\" maxlength=\"400\" class=\"wpcf7-form-control wpcf7-text wpcf7-validates-as-required\" aria-required=\"true\" aria-invalid=\"false\" placeholder=\"Nom de l&#039;entreprise*\" value=\"\" type=\"text\" name=\"company-name\" \/><\/span> <\/label>\n<\/p>\n<p><label><br \/>\n<span class=\"wpcf7-form-control-wrap\" data-name=\"your-email\"><input size=\"40\" maxlength=\"400\" class=\"wpcf7-form-control wpcf7-email wpcf7-validates-as-required wpcf7-text wpcf7-validates-as-email\" aria-required=\"true\" aria-invalid=\"false\" placeholder=\"Email*\" value=\"\" type=\"email\" name=\"your-email\" \/><\/span> <\/label>\n<\/p>\n<p><label><br \/>\n<span class=\"wpcf7-form-control-wrap\" data-name=\"your-phone\"><input size=\"40\" maxlength=\"400\" class=\"wpcf7-form-control wpcf7-text\" aria-invalid=\"false\" placeholder=\"Num\u00e9ro de t\u00e9l\u00e9phone #\" value=\"\" type=\"text\" name=\"your-phone\" \/><\/span> <\/label>\n<\/p>\n<p><label><br \/>\n<span class=\"wpcf7-form-control-wrap\" data-name=\"your-message\"><textarea cols=\"40\" rows=\"10\" maxlength=\"2000\" class=\"wpcf7-form-control wpcf7-textarea\" aria-invalid=\"false\" placeholder=\"Parlez-nous de votre situation d&#039;endettement.\" name=\"your-message\"><\/textarea><\/span> <\/label>\n<\/p>\n<p><input class=\"wpcf7-form-control wpcf7-submit has-spinner\" type=\"submit\" value=\"Commen\u00e7ons\" \/>\n<\/p><div class=\"wpcf7-response-output\" aria-hidden=\"true\"><\/div>\n<\/form>\n<\/div>\n\n<h4 style=\"text-align: left;\"><strong><span style=\"font-size: 31px;\">Notre agence \u2013&nbsp;<\/span><em><span style=\"font-size: 31px;\">Votre solution id\u00e9ale<\/span><\/em><\/strong><\/h4>\n<p style=\"text-align: left;\">Nos riches connaissances sectorielles et notre mod\u00e8le commercial sans risque font de CBS Canada votre meilleur recours lorsqu\u2019il s\u2019agit de gestion des comptes clients et de recouvrement de cr\u00e9ances.<\/p>\n<p style=\"text-align: left;\">\n<p><span style=\"width: 100%;\"><img data-recalc-dims=\"1\" decoding=\"async\" loading=\"lazy\" alt=\"\" title=\"signature (1)\" data-id=\"1246\" src=\"https:\/\/i0.wp.com\/npm.wko.mybluehost.me\/wp-content\/uploads\/2019\/03\/signature-1.png?resize=300%2C191\" style=\"\" width=\"300\" height=\"191\"><\/span><\/p>\n<p style=\"text-align: left;\">Steve Cook<\/p>\n<p style=\"text-align: left;\">President<\/p>\n<\/p>\n<\/p>\n<ul>\n<li> <a href=\"#\"> <span lang=\"en\">English<\/span><\/a> <\/li>\n<li> <a href=\"#\"> <span>Fran\u00e7ais<\/span><\/a> <\/li>\n<\/ul>\n<p> <span style=\"width: 100%;\"><img data-recalc-dims=\"1\" decoding=\"async\" alt=\"\" title=\"70 % BW\" data-id=\"1566\" src=\"https:\/\/i0.wp.com\/npm.wko.mybluehost.me\/wp-content\/uploads\/2019\/02\/cbs-logo-bw-1.png?resize=1060%2C227\" style=\"\" data-lazy-src=\"https:\/\/i0.wp.com\/npm.wko.mybluehost.me\/wp-content\/uploads\/2019\/08\/70-BW.png\" width=\"1060\" height=\"227\" loading=\"lazy\"><img data-recalc-dims=\"1\" decoding=\"async\" loading=\"lazy\" alt=\"\" width=\"1147\" height=\"289\" title=\"cbs-logo-bw (1)\" data-id=\"794\" src=\"https:\/\/i0.wp.com\/npm.wko.mybluehost.me\/wp-content\/uploads\/2019\/02\/cbs-logo-bw-1.png?resize=1147%2C289\" style=\"width: 100%;\"><\/span><a href=\"https:\/\/www.facebook.com\/CreditBureauServicesCanada\/\" target=\"_blank\" rel=\"noopener\">  <\/a><a href=\"https:\/\/www.linkedin.com\/company\/credit-bureau-services-canada\/\" target=\"_blank\" rel=\"noopener\">  <\/a><\/p>\n<p style=\"text-align: center;\">\u200b\u00a9 2019 Credit Bureau Services Canada. &nbsp;Tous droits r\u00e9serv\u00e9s.<\/p>\n<p>\u200bCredit Bureau Services Canada s\u2019engage \u00e0 respecter la confidentialit\u00e9 des particuliers et reconna\u00eet le besoin d\u2019une gestion et d\u2019une protection appropri\u00e9es de tous les renseignements personnels que vous acceptez de nous transmettre. Nous ne divulguerons pas vos renseignements \u00e0 des tiers qui ne font pas partie de notre organisation, sauf dans la mesure n\u00e9cessaire pour r\u00e9pondre \u00e0 votre demande.<\/p>\n<ul>\n<li> <a href=\"#\"> <span lang=\"en\">English<\/span><\/a> <\/li>\n<li> <a href=\"#\"> <span>Fran\u00e7ais<\/span><\/a> <\/li>\n<\/ul>\n<p> <span style=\"width: 100%;\"><img data-recalc-dims=\"1\" decoding=\"async\" alt=\"\" title=\"cbs-logo-bw (1)\" data-id=\"794\" src=\"https:\/\/i0.wp.com\/npm.wko.mybluehost.me\/wp-content\/uploads\/2019\/02\/cbs-logo-bw-1.png?resize=1147%2C289\" style=\"\" data-lazy-src=\"https:\/\/i0.wp.com\/npm.wko.mybluehost.me\/wp-content\/uploads\/2019\/02\/cbs-logo-bw-1.png\" width=\"1147\" height=\"289\" loading=\"lazy\"><img data-recalc-dims=\"1\" decoding=\"async\" loading=\"lazy\" alt=\"\" width=\"1147\" height=\"289\" title=\"cbs-logo-bw (1)\" data-id=\"794\" src=\"https:\/\/i0.wp.com\/npm.wko.mybluehost.me\/wp-content\/uploads\/2019\/02\/cbs-logo-bw-1.png?resize=1147%2C289\" style=\"width: 100%;\"><\/span><a href=\"https:\/\/www.facebook.com\/CreditBureauServicesCanada\/\" target=\"_blank\" rel=\"noopener\">  <\/a><a href=\"https:\/\/www.linkedin.com\/company\/credit-bureau-services-canada\/\" target=\"_blank\" rel=\"noopener\">  <\/a><\/p>\n<p style=\"text-align: center;\">\u200b\u200b\u00a9 2019 Credit Bureau Services Canada. &nbsp;Tous droits r\u00e9serv\u00e9s.<\/p>\n","protected":false},"excerpt":{"rendered":"<p>Inscrire un compte Recouvrez vos cr\u00e9ances, sans risque MISE \u00c0 JOUR: Dans le but d&#8217;am\u00e9liorer notre capacit\u00e9 \u00e0 mieux vous servir et \u00e0 utiliser les plates-formes les plus s\u00e9curis\u00e9es et les plus avanc\u00e9es disponibles, nous mettons \u00e0 niveau notre portail d&#8217;annonces en libre-service pour nos clients actuels. Nous &nbsp;excusons pour tout inconv\u00e9nients . Pour le [&hellip;]<\/p>\n","protected":false},"author":1,"featured_media":0,"parent":0,"menu_order":0,"comment_status":"closed","ping_status":"closed","template":"","meta":{"nf_dc_page":"","_exactmetrics_skip_tracking":false,"_exactmetrics_sitenote_active":false,"_exactmetrics_sitenote_note":"","_exactmetrics_sitenote_category":0,"footnotes":""},"class_list":["post-1377","page","type-page","status-publish","hentry"],"jetpack_sharing_enabled":true,"_links":{"self":[{"href":"https:\/\/cbscanada.com\/fr\/wp-json\/wp\/v2\/pages\/1377","targetHints":{"allow":["GET"]}}],"collection":[{"href":"https:\/\/cbscanada.com\/fr\/wp-json\/wp\/v2\/pages"}],"about":[{"href":"https:\/\/cbscanada.com\/fr\/wp-json\/wp\/v2\/types\/page"}],"author":[{"embeddable":true,"href":"https:\/\/cbscanada.com\/fr\/wp-json\/wp\/v2\/users\/1"}],"replies":[{"embeddable":true,"href":"https:\/\/cbscanada.com\/fr\/wp-json\/wp\/v2\/comments?post=1377"}],"version-history":[{"count":16,"href":"https:\/\/cbscanada.com\/fr\/wp-json\/wp\/v2\/pages\/1377\/revisions"}],"predecessor-version":[{"id":2205,"href":"https:\/\/cbscanada.com\/fr\/wp-json\/wp\/v2\/pages\/1377\/revisions\/2205"}],"wp:attachment":[{"href":"https:\/\/cbscanada.com\/fr\/wp-json\/wp\/v2\/media?parent=1377"}],"curies":[{"name":"wp","href":"https:\/\/api.w.org\/{rel}","templated":true}]}}