{"id":1380,"date":"2019-03-03T15:11:38","date_gmt":"2019-03-03T20:11:38","guid":{"rendered":"https:\/\/www.cbscanada.com\/pay\/"},"modified":"2020-04-18T13:06:45","modified_gmt":"2020-04-18T17:06:45","slug":"pay","status":"publish","type":"page","link":"https:\/\/cbscanada.com\/fr\/pay\/","title":{"rendered":"Make A Payment"},"content":{"rendered":"<h1 style=\"text-align: center;\"><strong>\u200bFaire un paiement<\/strong><\/h1>\n<h3 style=\"text-align: center;\">Notre service de paiement en ligne est disponible<\/h3>\n<p style=\"text-align: center;\">Si vous avez des questions ou des difficult\u00e9s techniques \u00e0 effectuer des paiements en ligne, ou si vous souhaitez des options de paiement suppl\u00e9mentaires sur votre derni\u00e8re correspondance de Agence de Recouvrement CBS C, appelez-nous sans frais au 1-833-231-2550 pour obtenir de l&#8217;aide.<\/p>\n<\/p>\n<\/p>\n<ul>\n<li> <a href=\"#\"><span lang=\"en\">English<\/span><\/a> <\/li>\n<li> <a href=\"#\"><span>Fran\u00e7ais<\/span><\/a> <\/li>\n<\/ul>\n<p> <span style=\"width: 100%;\"><img data-recalc-dims=\"1\" decoding=\"async\" alt=\"\" title=\"70 % BW\" data-id=\"1566\" src=\"https:\/\/i0.wp.com\/npm.wko.mybluehost.me\/wp-content\/uploads\/2019\/02\/cbs-logo-bw-1.png?resize=1060%2C227\" style=\"\" data-lazy-src=\"https:\/\/i0.wp.com\/npm.wko.mybluehost.me\/wp-content\/uploads\/2019\/08\/70-BW.png\" width=\"1060\" height=\"227\" loading=\"lazy\"><img data-recalc-dims=\"1\" decoding=\"async\" loading=\"lazy\" alt=\"\" width=\"1147\" height=\"289\" title=\"cbs-logo-bw (1)\" data-id=\"794\" src=\"https:\/\/i0.wp.com\/npm.wko.mybluehost.me\/wp-content\/uploads\/2019\/02\/cbs-logo-bw-1.png?resize=1147%2C289\" style=\"width: 100%;\"><\/span><a href=\"https:\/\/www.facebook.com\/CreditBureauServicesCanada\/\" target=\"_blank\" rel=\"noopener noreferrer\">  <\/a><a href=\"https:\/\/www.linkedin.com\/company\/credit-bureau-services-canada\/\" target=\"_blank\" rel=\"noopener noreferrer\">  <\/a><\/p>\n<p style=\"text-align: center;\">\u200b\u00a9 2019 Credit Bureau Services Canada. &nbsp;Tous droits r\u00e9serv\u00e9s.<\/p>\n<p>\u200bCredit Bureau Services Canada s\u2019engage \u00e0 respecter la confidentialit\u00e9 des particuliers et reconna\u00eet le besoin d\u2019une gestion et d\u2019une protection appropri\u00e9es de tous les renseignements personnels que vous acceptez de nous transmettre. Nous ne divulguerons pas vos renseignements \u00e0 des tiers qui ne font pas partie de notre organisation, sauf dans la mesure n\u00e9cessaire pour r\u00e9pondre \u00e0 votre demande.<\/p>\n<ul>\n<li> <a href=\"#\"><span lang=\"en\">English<\/span><\/a> <\/li>\n<li> <a href=\"#\"><span>Fran\u00e7ais<\/span><\/a> <\/li>\n<\/ul>\n<p> <span style=\"width: 100%;\"><img data-recalc-dims=\"1\" decoding=\"async\" alt=\"\" title=\"cbs-logo-bw (1)\" data-id=\"794\" src=\"https:\/\/i0.wp.com\/npm.wko.mybluehost.me\/wp-content\/uploads\/2019\/02\/cbs-logo-bw-1.png?resize=1147%2C289\" style=\"\" data-lazy-src=\"https:\/\/i0.wp.com\/npm.wko.mybluehost.me\/wp-content\/uploads\/2019\/02\/cbs-logo-bw-1.png\" width=\"1147\" height=\"289\" loading=\"lazy\"><img data-recalc-dims=\"1\" decoding=\"async\" loading=\"lazy\" alt=\"\" width=\"1147\" height=\"289\" title=\"cbs-logo-bw (1)\" data-id=\"794\" src=\"https:\/\/i0.wp.com\/npm.wko.mybluehost.me\/wp-content\/uploads\/2019\/02\/cbs-logo-bw-1.png?resize=1147%2C289\" style=\"width: 100%;\"><\/span><a href=\"https:\/\/www.facebook.com\/CreditBureauServicesCanada\/\" target=\"_blank\" rel=\"noopener noreferrer\">  <\/a><a href=\"https:\/\/www.linkedin.com\/company\/credit-bureau-services-canada\/\" target=\"_blank\" rel=\"noopener noreferrer\">  <\/a><\/p>\n<p style=\"text-align: center;\">\u200b\u200b\u00a9 2019 Credit Bureau Services Canada. &nbsp;Tous droits r\u00e9serv\u00e9s.<\/p>\n","protected":false},"excerpt":{"rendered":"<p>\u200bFaire un paiement Notre service de paiement en ligne est disponible Si vous avez des questions ou des difficult\u00e9s techniques \u00e0 effectuer des paiements en ligne, ou si vous souhaitez des options de paiement suppl\u00e9mentaires sur votre derni\u00e8re correspondance de Agence de Recouvrement CBS C, appelez-nous sans frais au 1-833-231-2550 pour obtenir de l&#8217;aide. English [&hellip;]<\/p>\n","protected":false},"author":1,"featured_media":0,"parent":0,"menu_order":0,"comment_status":"closed","ping_status":"closed","template":"","meta":{"nf_dc_page":"","_exactmetrics_skip_tracking":false,"_exactmetrics_sitenote_active":false,"_exactmetrics_sitenote_note":"","_exactmetrics_sitenote_category":0,"footnotes":""},"class_list":["post-1380","page","type-page","status-publish","hentry"],"jetpack_sharing_enabled":true,"_links":{"self":[{"href":"https:\/\/cbscanada.com\/fr\/wp-json\/wp\/v2\/pages\/1380","targetHints":{"allow":["GET"]}}],"collection":[{"href":"https:\/\/cbscanada.com\/fr\/wp-json\/wp\/v2\/pages"}],"about":[{"href":"https:\/\/cbscanada.com\/fr\/wp-json\/wp\/v2\/types\/page"}],"author":[{"embeddable":true,"href":"https:\/\/cbscanada.com\/fr\/wp-json\/wp\/v2\/users\/1"}],"replies":[{"embeddable":true,"href":"https:\/\/cbscanada.com\/fr\/wp-json\/wp\/v2\/comments?post=1380"}],"version-history":[{"count":8,"href":"https:\/\/cbscanada.com\/fr\/wp-json\/wp\/v2\/pages\/1380\/revisions"}],"predecessor-version":[{"id":1737,"href":"https:\/\/cbscanada.com\/fr\/wp-json\/wp\/v2\/pages\/1380\/revisions\/1737"}],"wp:attachment":[{"href":"https:\/\/cbscanada.com\/fr\/wp-json\/wp\/v2\/media?parent=1380"}],"curies":[{"name":"wp","href":"https:\/\/api.w.org\/{rel}","templated":true}]}}