{"id":1383,"date":"2019-03-01T15:32:17","date_gmt":"2019-03-01T20:32:17","guid":{"rendered":"https:\/\/www.cbscanada.com\/contact\/"},"modified":"2020-04-18T13:03:32","modified_gmt":"2020-04-18T17:03:32","slug":"contact","status":"publish","type":"page","link":"https:\/\/cbscanada.com\/fr\/contact\/","title":{"rendered":"Contact Us"},"content":{"rendered":"<h1 style=\"text-align: center;\"><strong>\u200bCommuniquer avec nous<\/strong><\/h1>\n<p style=\"text-align: center;\"><em>\u200bR\u00e9ponse garantie dans les 24 heures<\/em><\/p>\n<p style=\"text-align: left;\"><strong>Niagara, ON<\/strong><\/p>\n<p><strong>Credit Bureau Services Canada<\/strong><\/p>\n<p>26 Queen StreetPO Box 186St. Catharines, OntarioL2R 6S7<\/p>\n<ul>\n<li>                    <span><a href=\"mailto:inquiry@cbscanada.com\">inquiry@cbscanada.com<\/a><\/span><\/li>\n<li>                    <span>905-688-9855<\/span><\/li>\n<li>                    <span>1-800-263-4765 (toll-free)<\/span><\/li>\n<li>                    <span>1-800-313-7813 (fax)<\/span><\/li>\n<\/ul>\n<p style=\"text-align: left;\"><strong>Montreal, QC<\/strong><\/p>\n<p><strong>Agence de Recouvrement CBSC<\/strong><\/p>\n<p>1117 rue Sainte-Catherine OuestOffice #616Montreal, QuebecH3B 1H9<\/p>\n<ul>\n<li>                    <span><a href=\"mailto:inquiry@cbscanada.com\">inquiry@cbscanada.com<\/a><\/span><\/li>\n<li>                    <span>514-281-0192<\/span><\/li>\n<li>                    <span>1-844-290-5619 (toll-free)<\/span><\/li>\n<li>                    <span>1-800-313-7813 (fax)<\/span><\/li>\n<\/ul>\n<\/p>\n<ul>\n<li> <a href=\"#\"><span lang=\"en\">English<\/span><\/a> <\/li>\n<li> <a href=\"#\"><span>Fran\u00e7ais<\/span><\/a> <\/li>\n<\/ul>\n<p> <span style=\"width: 100%;\"><img data-recalc-dims=\"1\" decoding=\"async\" alt=\"\" title=\"70 % BW\" data-id=\"1566\" src=\"https:\/\/i0.wp.com\/npm.wko.mybluehost.me\/wp-content\/uploads\/2019\/02\/cbs-logo-bw-1.png?resize=1060%2C227\" style=\"\" data-lazy-src=\"https:\/\/i0.wp.com\/npm.wko.mybluehost.me\/wp-content\/uploads\/2019\/08\/70-BW.png\" width=\"1060\" height=\"227\" loading=\"lazy\"><img data-recalc-dims=\"1\" decoding=\"async\" loading=\"lazy\" alt=\"\" width=\"1147\" height=\"289\" title=\"cbs-logo-bw (1)\" data-id=\"794\" src=\"https:\/\/i0.wp.com\/npm.wko.mybluehost.me\/wp-content\/uploads\/2019\/02\/cbs-logo-bw-1.png?resize=1147%2C289\" style=\"width: 100%;\"><\/span><a href=\"https:\/\/www.facebook.com\/CreditBureauServicesCanada\/\" target=\"_blank\" rel=\"noopener noreferrer\">  <\/a><a href=\"https:\/\/www.linkedin.com\/company\/credit-bureau-services-canada\/\" target=\"_blank\" rel=\"noopener noreferrer\">  <\/a><\/p>\n<p style=\"text-align: center;\">\u200b\u00a9 2019 Credit Bureau Services Canada. &nbsp;Tous droits r\u00e9serv\u00e9s.<\/p>\n<p>\u200bCredit Bureau Services Canada s\u2019engage \u00e0 respecter la confidentialit\u00e9 des particuliers et reconna\u00eet le besoin d\u2019une gestion et d\u2019une protection appropri\u00e9es de tous les renseignements personnels que vous acceptez de nous transmettre. Nous ne divulguerons pas vos renseignements \u00e0 des tiers qui ne font pas partie de notre organisation, sauf dans la mesure n\u00e9cessaire pour r\u00e9pondre \u00e0 votre demande.<\/p>\n<ul>\n<li> <a href=\"#\"><span lang=\"en\">English<\/span><\/a> <\/li>\n<li> <a href=\"#\"><span>Fran\u00e7ais<\/span><\/a> <\/li>\n<\/ul>\n<p> <span style=\"width: 100%;\"><img data-recalc-dims=\"1\" decoding=\"async\" alt=\"\" title=\"cbs-logo-bw (1)\" data-id=\"794\" src=\"https:\/\/i0.wp.com\/npm.wko.mybluehost.me\/wp-content\/uploads\/2019\/02\/cbs-logo-bw-1.png?resize=1147%2C289\" style=\"\" data-lazy-src=\"https:\/\/i0.wp.com\/npm.wko.mybluehost.me\/wp-content\/uploads\/2019\/02\/cbs-logo-bw-1.png\" width=\"1147\" height=\"289\" loading=\"lazy\"><img data-recalc-dims=\"1\" decoding=\"async\" loading=\"lazy\" alt=\"\" width=\"1147\" height=\"289\" title=\"cbs-logo-bw (1)\" data-id=\"794\" src=\"https:\/\/i0.wp.com\/npm.wko.mybluehost.me\/wp-content\/uploads\/2019\/02\/cbs-logo-bw-1.png?resize=1147%2C289\" style=\"width: 100%;\"><\/span><a href=\"https:\/\/www.facebook.com\/CreditBureauServicesCanada\/\" target=\"_blank\" rel=\"noopener noreferrer\">  <\/a><a href=\"https:\/\/www.linkedin.com\/company\/credit-bureau-services-canada\/\" target=\"_blank\" rel=\"noopener noreferrer\">  <\/a><\/p>\n<p style=\"text-align: center;\">\u200b\u200b\u00a9 2019 Credit Bureau Services Canada. &nbsp;Tous droits r\u00e9serv\u00e9s.<\/p>\n","protected":false},"excerpt":{"rendered":"<p>\u200bCommuniquer avec nous \u200bR\u00e9ponse garantie dans les 24 heures Niagara, ON Credit Bureau Services Canada 26 Queen StreetPO Box 186St. Catharines, OntarioL2R 6S7 inquiry@cbscanada.com 905-688-9855 1-800-263-4765 (toll-free) 1-800-313-7813 (fax) Montreal, QC Agence de Recouvrement CBSC 1117 rue Sainte-Catherine OuestOffice #616Montreal, QuebecH3B 1H9 inquiry@cbscanada.com 514-281-0192 1-844-290-5619 (toll-free) 1-800-313-7813 (fax) English Fran\u00e7ais \u200b\u00a9 2019 Credit Bureau Services [&hellip;]<\/p>\n","protected":false},"author":1,"featured_media":0,"parent":0,"menu_order":0,"comment_status":"closed","ping_status":"closed","template":"","meta":{"nf_dc_page":"","_exactmetrics_skip_tracking":false,"_exactmetrics_sitenote_active":false,"_exactmetrics_sitenote_note":"","_exactmetrics_sitenote_category":0,"footnotes":""},"class_list":["post-1383","page","type-page","status-publish","hentry"],"jetpack_sharing_enabled":true,"_links":{"self":[{"href":"https:\/\/cbscanada.com\/fr\/wp-json\/wp\/v2\/pages\/1383","targetHints":{"allow":["GET"]}}],"collection":[{"href":"https:\/\/cbscanada.com\/fr\/wp-json\/wp\/v2\/pages"}],"about":[{"href":"https:\/\/cbscanada.com\/fr\/wp-json\/wp\/v2\/types\/page"}],"author":[{"embeddable":true,"href":"https:\/\/cbscanada.com\/fr\/wp-json\/wp\/v2\/users\/1"}],"replies":[{"embeddable":true,"href":"https:\/\/cbscanada.com\/fr\/wp-json\/wp\/v2\/comments?post=1383"}],"version-history":[{"count":5,"href":"https:\/\/cbscanada.com\/fr\/wp-json\/wp\/v2\/pages\/1383\/revisions"}],"predecessor-version":[{"id":1734,"href":"https:\/\/cbscanada.com\/fr\/wp-json\/wp\/v2\/pages\/1383\/revisions\/1734"}],"wp:attachment":[{"href":"https:\/\/cbscanada.com\/fr\/wp-json\/wp\/v2\/media?parent=1383"}],"curies":[{"name":"wp","href":"https:\/\/api.w.org\/{rel}","templated":true}]}}