{"id":1386,"date":"2019-02-27T09:47:01","date_gmt":"2019-02-27T14:47:01","guid":{"rendered":"https:\/\/www.cbscanada.com\/reviews\/"},"modified":"2021-04-27T11:26:56","modified_gmt":"2021-04-27T15:26:56","slug":"reviews","status":"publish","type":"page","link":"https:\/\/cbscanada.com\/fr\/reviews\/","title":{"rendered":"Reviews"},"content":{"rendered":"<h1 style=\"text-align: center;\"><strong>\u200b\u200b\u200b\u200b\u200bT\u00e9moignages<\/strong><\/h1>\n<p style=\"text-align: center;\"><em>\u200bDes clients satisfaits depuis 1932<\/em><\/p>\n<p>\u200bL\u2019une de nos trois meilleures agences de recouvrement ind\u00e9pendantes, chaque ann\u00e9e. &nbsp;Superbe service. &nbsp;Tr\u00e8s conciliante. &nbsp;Nous sommes tr\u00e8s satisfaits.<\/p>\n<p><strong>\u200bBureau des infractions provinciales<\/strong><\/p>\n<p><em>\u200bR\u00e9gion du centre-est<\/em><\/p>\n<p>\u200bNous avons \u00e9tabli un partenariat d\u2019affaires exceptionnel avec <em>Credit Bureau Services Canada<\/em>. &nbsp;Elle s\u2019adapte toujours \u00e0 nos besoins commerciaux changeants et nous recommande rapidement de bonnes solutions pour optimiser notre portefeuille de recouvrement. &nbsp;En tant que haut dirigeant du service de pr\u00e9vention des pertes et du recouvrement civil, j\u2019ai fait affaire avec de nombreuses agences au fil des ans. &nbsp;Notre entreprise de choix est <em>CBSC<\/em>. Aupr\u00e8s d\u2019elle, nous avons connu de grands succ\u00e8s en mati\u00e8re de recouvrement et notre r\u00e9putation est demeur\u00e9e intacte.<\/p>\n<p><strong>PROAM Civil<\/strong><\/p>\n<p><em>\u200bS\u00e9curit\u00e9 et enqu\u00eates<\/em><\/p>\n<p><em>\u200bCredit Bureau Services Canada <\/em>fait partie de notre communaut\u00e9 depuis 1932. &nbsp;Au-del\u00e0 d\u2019une simple entreprise, cette soci\u00e9t\u00e9 familiale qui a la communaut\u00e9 \u00e0 c\u0153ur a contribu\u00e9 \u00e0 construire et \u00e0 fa\u00e7onner notre belle ville. &nbsp;Nous sommes chanceux d\u2019avoir <em>Credit Bureau Services Canada<\/em> en plein de c\u0153ur de la ville, au centre-ville de St Catharines.<\/p>\n<p><strong>\u200bMaire Walter Sendzik<\/strong><\/p>\n<p><em>\u200bVille de St Catharines<\/em><\/p>\n<p>\u200bJe fais appel \u00e0 CBS Canada depuis dix ans pour aider l\u2019Universit\u00e9 \u00e0 r\u00e9cup\u00e9rer les frais de scolarit\u00e9 non pay\u00e9s. C\u2019est une organisation qui fait preuve d\u2019un grand professionnalisme et r\u00e9pond chaque fois \u00e0 nos besoins. C\u2019est tr\u00e8s agr\u00e9able de travailler avec l\u2019\u00e9quipe et elle repr\u00e9sente l\u2019Universit\u00e9 conform\u00e9ment aux normes les plus \u00e9lev\u00e9es. J\u2019appuie <em>Credit Bureau Services Canada<\/em> sans m\u00eame h\u00e9siter.<\/p>\n<p><strong>K. <span>Caso<\/span><\/strong><\/p>\n<p><em>\u200bUniversit\u00e9 de Niagara<\/em><\/p>\n<p>\u200bNous recommandons grandement les services de recouvrement de <em>Credit Bureau Services Canada<\/em> en raison de son professionnalisme, son d\u00e9vouement, ses connaissances et ses r\u00e9sultats.&nbsp; Cette \u00e9quipe est efficace et agr\u00e9able et offre un service \u00e0 la client\u00e8le exceptionnel.<\/p>\n<p><strong>\u200bEntreprise de services publics<\/strong><\/p>\n<p><em>Niagara<\/em><\/p>\n<p>\u200bJe fais appel \u00e0 <em>Credit Bureau Services Canada<\/em> depuis quelques ann\u00e9es. &nbsp;Le service et les r\u00e9sultats sont tr\u00e8s satisfaisants. &nbsp;Je recommande fortement cette entreprise \u00e0 toute organisation qui a besoin de services de recouvrement.<\/p>\n<p><strong>Mike Soccio<\/strong><\/p>\n<p><em>\u200bPr\u00e9sident, LR Automation &amp; Integration Services inc.<\/em><\/p>\n<h3 style=\"text-align: center;\"><span><strong><span>\u200b\u200bPas de recouvrement? \u200b<\/span><\/strong><\/span><span><strong><span>Pas de frais.<\/span><\/strong><\/span><\/h3>\n<h3 style=\"text-align: center;\"><strong>\u200b\u200bR\u00e9cup\u00e9rez votre d\u00fb d\u00e8s maintenant!<\/strong><\/h3>\n<p style=\"text-align: center;\">\u200b\u200bRecouvrez vos cr\u00e9ances rapidement, ais\u00e9ment et sans risque.<\/p>\n<p> <a href=\"http:\/\/npm.wko.mybluehost.me\/list-an-account\/\"> <span><span><strong>\u200bCommen\u00e7ons <\/strong><\/span><\/span> <\/a><\/p>\n<h3 style=\"text-align: left;\"><span><strong><span style=\"font-size: 38px;\">\u200bPas de recouvrement?<\/span><\/strong><\/span><strong><\/strong><span><strong>\u200bPas de frais.<\/strong><\/span><\/h3>\n<p><span style=\"width: 100%;\"><img data-recalc-dims=\"1\" loading=\"lazy\" decoding=\"async\" alt=\"\" title=\"arrow (1)\" data-id=\"750\" src=\"https:\/\/i0.wp.com\/npm.wko.mybluehost.me\/wp-content\/uploads\/2019\/02\/arrow-1.png?resize=586%2C290\" style=\"\" data-lazy-src=\"https:\/\/i0.wp.com\/npm.wko.mybluehost.me\/wp-content\/uploads\/2019\/02\/arrow-1.png\" width=\"586\" height=\"290\"><img data-recalc-dims=\"1\" decoding=\"async\" loading=\"lazy\" alt=\"\" width=\"586\" height=\"290\" title=\"arrow (1)\" data-id=\"750\" src=\"https:\/\/i0.wp.com\/npm.wko.mybluehost.me\/wp-content\/uploads\/2019\/02\/arrow-1.png?resize=586%2C290\" style=\"width: 100%;\"><\/span><\/p>\n<h3 style=\"text-align: center;\"><strong>\u200bR\u00e9cup\u00e9rez votre d\u00fb d\u00e8s maintenant!<\/strong><\/h3>\n<p style=\"text-align: center;\">\u200bRecouvrez vos cr\u00e9ances rapidement, ais\u00e9ment et sans risque.<\/p>\n<p> <a href=\"http:\/\/npm.wko.mybluehost.me\/fr\/list-an-account\/\"> <span><span><strong>\u200bCommen\u00e7ons <\/strong><\/span><\/span> <\/a><\/p>\n<ul>\n<li> <a href=\"#\"><span lang=\"en\">English<\/span><\/a><\/li>\n<li> <a href=\"#\"><span>Fran\u00e7ais<\/span><\/a><\/li>\n<\/ul>\n<p><span style=\"width: 100%;\"><img data-recalc-dims=\"1\" decoding=\"async\" alt=\"\" title=\"70 % BW\" data-id=\"1566\" src=\"https:\/\/i0.wp.com\/npm.wko.mybluehost.me\/wp-content\/uploads\/2019\/02\/cbs-logo-bw-1.png?resize=1060%2C227\" style=\"\" data-lazy-src=\"https:\/\/i0.wp.com\/npm.wko.mybluehost.me\/wp-content\/uploads\/2019\/08\/70-BW.png\" width=\"1060\" height=\"227\" loading=\"lazy\"><img data-recalc-dims=\"1\" decoding=\"async\" loading=\"lazy\" alt=\"\" width=\"1147\" height=\"289\" title=\"cbs-logo-bw (1)\" data-id=\"794\" src=\"https:\/\/i0.wp.com\/npm.wko.mybluehost.me\/wp-content\/uploads\/2019\/02\/cbs-logo-bw-1.png?resize=1147%2C289\" style=\"width: 100%;\"><\/span><a href=\"https:\/\/www.facebook.com\/CreditBureauServicesCanada\/\" target=\"_blank\" rel=\"noopener noreferrer\">  <\/a><a href=\"https:\/\/www.linkedin.com\/company\/credit-bureau-services-canada\/\" target=\"_blank\" rel=\"noopener noreferrer\">  <\/a><\/p>\n<p style=\"text-align: center;\">\u200b\u00a9 2019 Credit Bureau Services Canada. &nbsp;Tous droits r\u00e9serv\u00e9s.<\/p>\n<p>\u200bCredit Bureau Services Canada s\u2019engage \u00e0 respecter la confidentialit\u00e9 des particuliers et reconna\u00eet le besoin d\u2019une gestion et d\u2019une protection appropri\u00e9es de tous les renseignements personnels que vous acceptez de nous transmettre. Nous ne divulguerons pas vos renseignements \u00e0 des tiers qui ne font pas partie de notre organisation, sauf dans la mesure n\u00e9cessaire pour r\u00e9pondre \u00e0 votre demande.<\/p>\n<ul>\n<li> <a href=\"#\"><span lang=\"en\">English<\/span><\/a><\/li>\n<li> <a href=\"#\"><span>Fran\u00e7ais<\/span><\/a><\/li>\n<\/ul>\n<p><span style=\"width: 100%;\"><img data-recalc-dims=\"1\" decoding=\"async\" alt=\"\" title=\"cbs-logo-bw (1)\" data-id=\"794\" src=\"https:\/\/i0.wp.com\/npm.wko.mybluehost.me\/wp-content\/uploads\/2019\/02\/cbs-logo-bw-1.png?resize=1147%2C289\" style=\"\" data-lazy-src=\"https:\/\/i0.wp.com\/npm.wko.mybluehost.me\/wp-content\/uploads\/2019\/02\/cbs-logo-bw-1.png\" width=\"1147\" height=\"289\" loading=\"lazy\"><img data-recalc-dims=\"1\" decoding=\"async\" loading=\"lazy\" alt=\"\" width=\"1147\" height=\"289\" title=\"cbs-logo-bw (1)\" data-id=\"794\" src=\"https:\/\/i0.wp.com\/npm.wko.mybluehost.me\/wp-content\/uploads\/2019\/02\/cbs-logo-bw-1.png?resize=1147%2C289\" style=\"width: 100%;\"><\/span><a href=\"https:\/\/www.facebook.com\/CreditBureauServicesCanada\/\" target=\"_blank\" rel=\"noopener noreferrer\">  <\/a><a href=\"https:\/\/www.linkedin.com\/company\/credit-bureau-services-canada\/\" target=\"_blank\" rel=\"noopener noreferrer\">  <\/a><\/p>\n<p style=\"text-align: center;\">\u200b\u200b\u00a9 2019 Credit Bureau Services Canada. &nbsp;Tous droits r\u00e9serv\u00e9s.<\/p>\n","protected":false},"excerpt":{"rendered":"<p>\u200b\u200b\u200b\u200b\u200bT\u00e9moignages \u200bDes clients satisfaits depuis 1932 \u200bL\u2019une de nos trois meilleures agences de recouvrement ind\u00e9pendantes, chaque ann\u00e9e. &nbsp;Superbe service. &nbsp;Tr\u00e8s conciliante. &nbsp;Nous sommes tr\u00e8s satisfaits. \u200bBureau des infractions provinciales \u200bR\u00e9gion du centre-est \u200bNous avons \u00e9tabli un partenariat d\u2019affaires exceptionnel avec Credit Bureau Services Canada. &nbsp;Elle s\u2019adapte toujours \u00e0 nos besoins commerciaux changeants et nous recommande [&hellip;]<\/p>\n","protected":false},"author":1,"featured_media":0,"parent":0,"menu_order":0,"comment_status":"closed","ping_status":"closed","template":"blank-page.php","meta":{"nf_dc_page":"","_exactmetrics_skip_tracking":false,"_exactmetrics_sitenote_active":false,"_exactmetrics_sitenote_note":"","_exactmetrics_sitenote_category":0,"footnotes":""},"class_list":["post-1386","page","type-page","status-publish","hentry"],"jetpack_sharing_enabled":true,"_links":{"self":[{"href":"https:\/\/cbscanada.com\/fr\/wp-json\/wp\/v2\/pages\/1386","targetHints":{"allow":["GET"]}}],"collection":[{"href":"https:\/\/cbscanada.com\/fr\/wp-json\/wp\/v2\/pages"}],"about":[{"href":"https:\/\/cbscanada.com\/fr\/wp-json\/wp\/v2\/types\/page"}],"author":[{"embeddable":true,"href":"https:\/\/cbscanada.com\/fr\/wp-json\/wp\/v2\/users\/1"}],"replies":[{"embeddable":true,"href":"https:\/\/cbscanada.com\/fr\/wp-json\/wp\/v2\/comments?post=1386"}],"version-history":[{"count":7,"href":"https:\/\/cbscanada.com\/fr\/wp-json\/wp\/v2\/pages\/1386\/revisions"}],"predecessor-version":[{"id":1930,"href":"https:\/\/cbscanada.com\/fr\/wp-json\/wp\/v2\/pages\/1386\/revisions\/1930"}],"wp:attachment":[{"href":"https:\/\/cbscanada.com\/fr\/wp-json\/wp\/v2\/media?parent=1386"}],"curies":[{"name":"wp","href":"https:\/\/api.w.org\/{rel}","templated":true}]}}