{"id":1389,"date":"2019-02-27T14:45:35","date_gmt":"2019-02-27T19:45:35","guid":{"rendered":"https:\/\/www.cbscanada.com\/about\/"},"modified":"2021-12-06T14:25:54","modified_gmt":"2021-12-06T19:25:54","slug":"about","status":"publish","type":"page","link":"https:\/\/cbscanada.com\/fr\/about\/","title":{"rendered":"About"},"content":{"rendered":"<h1 style=\"text-align: center;\"><strong>L&#8217;Agence De Recouvrement La Plus Fiable Au Canada&nbsp;<\/strong><\/h1>\n<p style=\"text-align: center;\"><em>\u200bDepuis 1932<\/em><\/p>\n<p>\u200bCBSC, qui offre des services de recouvrement professionnels depuis 1932, est une soci\u00e9t\u00e9 priv\u00e9e exploit\u00e9e par plusieurs g\u00e9n\u00e9rations d\u2019une m\u00eame famille. &nbsp;&nbsp;<\/p>\n<\/p>\n<p><strong>\u200bNous avons \u00e9tabli notre r\u00e9putation comme partenaire de recouvrement juste, progressif et grandement respect\u00e9 de nombreuses entreprises canadiennes.<\/strong><\/p>\n<p>\u200bPlusieurs de nos premiers partenariats avec nos clients durent depuis des d\u00e9cennies et continuent de prosp\u00e9rer aujourd\u2019hui, ce dont les propri\u00e9taires de CBSC sont particuli\u00e8rement fiers.<\/p>\n<\/p>\n<p><span>\u200bExer\u00e7ant nos activit\u00e9s depuis la r\u00e9gion de Niagara et le centre-ville de Montr\u00e9al, nous tirons une grande fiert\u00e9 de notre r\u00e9putation d\u2019excellence dans l\u2019industrie.&nbsp; Notre personnel chevronn\u00e9 comptant en moyenne pr\u00e8s de 20 ans d\u2019exp\u00e9rience est une caract\u00e9ristique unique \u00e0 notre agence dans l\u2019industrie du recouvrement. Il s\u2019agit de notre plus grande r\u00e9alisation. <\/span><\/p>\n<p><span><span><span><\/span><\/span><\/span><\/p>\n<p><span>Nous nous consid\u00e9rons comme une agence sp\u00e9cialis\u00e9e qui fait affaire avec des clients de longue date tri\u00e9s sur le volet pour lesquels nous portons une attention personnalis\u00e9e aux d\u00e9tails et auxquels nous offrons un service exceptionnel. C\u2019est ce qui nous permet d\u2019assurer notre succ\u00e8s et notre stabilit\u00e9 pendant plus de 90 ans au sein du secteur.<\/span><\/p>\n<p><strong>\u200bCBSC a une pr\u00e9sence \u00e0 l\u2019\u00e9chelle locale et nationale, o\u00f9 elle sert une client\u00e8le diversifi\u00e9e.<\/strong><\/p>\n<p>\u200bNotre client\u00e8le actuelle se compose de petites et moyennes entreprises et de grandes soci\u00e9t\u00e9s, ainsi que de diverses municipalit\u00e9s, r\u00e9gions et institutions publiques.\u200bNous d\u00e9tenons les permis d\u2019op\u00e9ration provinciaux requis dans chacune des provinces. &nbsp;Nous employons \u00e9galement des techniciens juridiques internes et une \u00e9quipe de professionnels du droit qui s\u2019occupent des r\u00e9clamations de petites cr\u00e9ances et de celles qui se rendent en Cour supr\u00eame.<\/p>\n<p><span style=\"width: 100%;\"><img data-recalc-dims=\"1\" decoding=\"async\" loading=\"lazy\" alt=\"\" title=\"About CBS Canada Debt Collection\" data-id=\"1224\" src=\"https:\/\/i0.wp.com\/npm.wko.mybluehost.me\/wp-content\/uploads\/2019\/03\/about-photo.jpg?resize=750%2C359\" style=\"\" width=\"750\" height=\"359\"><\/span><\/p>\n<h2 style=\"text-align: center;\"><strong>\u200bQu\u2019est-ce qui nous d\u00e9marque?<\/strong><\/h2>\n<ul>\n<li><span>Plus de 90 ans d\u2019exp\u00e9rience;<\/span><\/li>\n<li><span>\u200bR\u00e9putation impeccable qui perdure au sein de l\u2019industrie;&nbsp;<\/span><\/li>\n<li><span>\u200bPersonnel professionnel et chevronn\u00e9 (l\u2019exp\u00e9rience moyenne d\u2019un employ\u00e9 est de 18 ans);<\/span><\/li>\n<li><span>\u200bEmplacements strat\u00e9giques en Ontario et au Qu\u00e9bec (services multilingues);<\/span><\/li>\n<li><span>\u200bMembre respect\u00e9 de<a href=\"https:\/\/www.rmacanada.org\/\" target=\"_blank\" rel=\"noopener\">l\u2019ACGC<\/a> et de la <a href=\"http:\/\/www.thecsca.com\/\" target=\"_blank\" rel=\"noopener\">CSCA<\/a>\u200b;<\/span><\/li>\n<\/ul>\n<ul>\n<li><span>\u200bPort\u00e9e nationale, attention personnelle;<\/span><\/li>\n<li><span>\u200bChef de file et innovatrice au sein de l\u2019industrie;<\/span><\/li>\n<li><span>\u200bReconnue pour son service \u00e0 la client\u00e8le exceptionnel et son excellente exp\u00e9rience client;<\/span><\/li>\n<li><span>\u200bApproche de recouvrement impartiale et courtoise.<\/span><\/li>\n<\/ul>\n<h2 style=\"text-align: center;\"><strong>\u200bAffiliations et associations<\/strong><\/h2>\n<p><a target=\"_blank\" title=\"Click for the Business Review of Credit Bureau Services Canada, a Collection Agencies in St Catharines ON\" href=\"https:\/\/www.bbb.org\/ca\/on\/st-catharines\/profile\/collections-agencies\/credit-bureau-services-canada-0107-1287363#sealclick\" rel=\"noopener\"><img data-recalc-dims=\"1\" decoding=\"async\" loading=\"lazy\" alt=\"Click for the BBB Business Review of this Collection Agencies in St Catharines ON\" style=\"border: 0;\" src=\"https:\/\/i0.wp.com\/seal-mwco.bbb.org\/seals\/blue-seal-293-61-whitetxt-creditbureauservicescanada-1287363.png?ssl=1\"><\/a><span style=\"width: 100%;\"><img data-recalc-dims=\"1\" decoding=\"async\" loading=\"lazy\" alt=\"\" title=\"CSCA-e1459686016717\" data-id=\"376\" src=\"https:\/\/i0.wp.com\/npm.wko.mybluehost.me\/wp-content\/uploads\/2018\/12\/CSCA-e1459686016717.jpg?resize=418%2C202\" style=\"\" width=\"418\" height=\"202\"><\/span><\/p>\n<p style=\"text-align: center;\"><strong>\u200bCanadian Society of Collection Agencies<\/strong><\/p>\n<ul>\n<li>                    <span>\u200bMembre depuis 1993;<\/span><\/li>\n<li>                    <span>\u200bConseil d\u2019administration, de 2013 \u00e0 2015;<\/span><\/li>\n<li>                    <span><a href=\"https:\/\/thecsca.com\/\" target=\"_blank\" rel=\"noopener\">\u200bPour obtenir de plus amples renseignements<\/a><\/span><\/li>\n<\/ul>\n<p><span style=\"width: 100%;\"><img data-recalc-dims=\"1\" decoding=\"async\" loading=\"lazy\" alt=\"\" title=\"rma_large\" data-id=\"375\" src=\"https:\/\/i0.wp.com\/npm.wko.mybluehost.me\/wp-content\/uploads\/2018\/12\/rma_large.png?resize=197%2C197\" style=\"\" width=\"197\" height=\"197\"><\/span><\/p>\n<p style=\"text-align: center;\"><strong>\u200bAssociation Canadienne de la Gestion de Cr\u00e9ances <\/strong><\/p>\n<ul>\n<li>                    <span>\u200b<span style=\"font-size: 17px;\">Membre de l\u2019association depuis sa cr\u00e9ation (2012);<\/span><\/span><\/li>\n<li>                    <span><a href=\"https:\/\/www.rmacanada.org\/\" target=\"_blank\" rel=\"noopener\">\u200bPour obtenir de plus amples renseignements<\/a><\/span><\/li>\n<\/ul>\n<p><span style=\"width: 100%;\"><img data-recalc-dims=\"1\" decoding=\"async\" loading=\"lazy\" alt=\"\" title=\"download\" data-id=\"422\" src=\"https:\/\/i0.wp.com\/npm.wko.mybluehost.me\/wp-content\/uploads\/2019\/01\/download.png?resize=481%2C105\" style=\"\" width=\"481\" height=\"105\"><\/span><\/p>\n<p style=\"text-align: center;\"><strong>\u200bBarreau de l\u2019Ontario<\/strong><\/p>\n<ul>\n<li>                    <span>\u200bTechniciens juridiques accr\u00e9dit\u00e9s \u00e0 l\u2019interne depuis 2011;<\/span><\/li>\n<li>                    <span><a href=\"https:\/\/lso.ca\/\" target=\"_blank\" rel=\"noopener\">\u200bPour obtenir de plus amples renseignements<\/a><\/span><\/li>\n<\/ul>\n<p><span style=\"width: 100%;\"><img data-recalc-dims=\"1\" decoding=\"async\" loading=\"lazy\" alt=\"\" title=\"gncc_facebook_image\" data-id=\"423\" src=\"https:\/\/i0.wp.com\/npm.wko.mybluehost.me\/wp-content\/uploads\/2019\/01\/gncc_facebook_image.jpg?resize=1200%2C630\" style=\"\" width=\"1200\" height=\"630\"><\/span><\/p>\n<p style=\"text-align: center;\"><strong>\u200bChambre des commerces de&nbsp;<\/strong><strong>la grande <\/strong><strong>r\u00e9gion de Niagara<\/strong><\/p>\n<ul>\n<li>                    <span>\u200bMembre depuis plus de 30 ans;<\/span><\/li>\n<li>                    <span><a href=\"https:\/\/gncc.ca\/\" target=\"_blank\" rel=\"noopener\">\u200bPour obtenir de plus amples renseignements<\/a><\/span><\/li>\n<\/ul>\n<h3 style=\"text-align: center;\"><span><strong><span>\u200b\u200bPas de recouvrement? \u200b<\/span><\/strong><\/span><span><strong><span>Pas de frais.<\/span><\/strong><\/span><\/h3>\n<h3 style=\"text-align: center;\"><strong>\u200b\u200bR\u00e9cup\u00e9rez votre d\u00fb d\u00e8s maintenant!<\/strong><\/h3>\n<p style=\"text-align: center;\">\u200b\u200bRecouvrez vos cr\u00e9ances rapidement, ais\u00e9ment et sans risque. <\/p>\n<p> <a href=\"http:\/\/npm.wko.mybluehost.me\/list-an-account\/\"> <span><span><strong>\u200bCommen\u00e7ons <\/strong><\/span><\/span> <\/a>     <\/p>\n<h3 style=\"text-align: left;\"><span><strong><span style=\"font-size: 38px;\">\u200bPas de recouvrement?<\/span><\/strong><\/span><strong><\/strong><span><strong>\u200bPas de frais.<\/strong><\/span><\/h3>\n<p><span style=\"width: 100%;\"><img data-recalc-dims=\"1\" loading=\"lazy\" decoding=\"async\" alt=\"\" title=\"arrow (1)\" data-id=\"750\" src=\"https:\/\/i0.wp.com\/npm.wko.mybluehost.me\/wp-content\/uploads\/2019\/02\/arrow-1.png?resize=586%2C290\" style=\"\" data-lazy-src=\"https:\/\/i0.wp.com\/npm.wko.mybluehost.me\/wp-content\/uploads\/2019\/02\/arrow-1.png\" width=\"586\" height=\"290\"><img data-recalc-dims=\"1\" decoding=\"async\" loading=\"lazy\" alt=\"\" width=\"586\" height=\"290\" title=\"arrow (1)\" data-id=\"750\" src=\"https:\/\/i0.wp.com\/npm.wko.mybluehost.me\/wp-content\/uploads\/2019\/02\/arrow-1.png?resize=586%2C290\" style=\"width: 100%;\"><\/span>  <\/p>\n<h3 style=\"text-align: center;\"><strong>\u200bR\u00e9cup\u00e9rez votre d\u00fb d\u00e8s maintenant!<\/strong><\/h3>\n<p style=\"text-align: center;\">\u200bRecouvrez vos cr\u00e9ances rapidement, ais\u00e9ment et sans risque. <\/p>\n<p> <a href=\"http:\/\/npm.wko.mybluehost.me\/fr\/list-an-account\/\"> <span><span><strong>\u200bCommen\u00e7ons <\/strong><\/span><\/span> <\/a>     <\/p>\n<\/p>\n<ul>\n<li> <a href=\"#\"> <span lang=\"en\">English<\/span><\/a> <\/li>\n<li> <a href=\"#\"> <span>Fran\u00e7ais<\/span><\/a> <\/li>\n<\/ul>\n<p> <span style=\"width: 100%;\"><img data-recalc-dims=\"1\" decoding=\"async\" alt=\"\" title=\"70 % BW\" data-id=\"1566\" src=\"https:\/\/i0.wp.com\/npm.wko.mybluehost.me\/wp-content\/uploads\/2019\/02\/cbs-logo-bw-1.png?resize=1060%2C227\" style=\"\" data-lazy-src=\"https:\/\/i0.wp.com\/npm.wko.mybluehost.me\/wp-content\/uploads\/2019\/08\/70-BW.png\" width=\"1060\" height=\"227\" loading=\"lazy\"><img data-recalc-dims=\"1\" decoding=\"async\" loading=\"lazy\" alt=\"\" width=\"1147\" height=\"289\" title=\"cbs-logo-bw (1)\" data-id=\"794\" src=\"https:\/\/i0.wp.com\/npm.wko.mybluehost.me\/wp-content\/uploads\/2019\/02\/cbs-logo-bw-1.png?resize=1147%2C289\" style=\"width: 100%;\"><\/span><a href=\"https:\/\/www.facebook.com\/CreditBureauServicesCanada\/\" target=\"_blank\" rel=\"noopener\">  <\/a><a href=\"https:\/\/www.linkedin.com\/company\/credit-bureau-services-canada\/\" target=\"_blank\" rel=\"noopener\">  <\/a><\/p>\n<p style=\"text-align: center;\">\u200b\u00a9 2019 Credit Bureau Services Canada. &nbsp;Tous droits r\u00e9serv\u00e9s.<\/p>\n<p>\u200bCredit Bureau Services Canada s\u2019engage \u00e0 respecter la confidentialit\u00e9 des particuliers et reconna\u00eet le besoin d\u2019une gestion et d\u2019une protection appropri\u00e9es de tous les renseignements personnels que vous acceptez de nous transmettre. Nous ne divulguerons pas vos renseignements \u00e0 des tiers qui ne font pas partie de notre organisation, sauf dans la mesure n\u00e9cessaire pour r\u00e9pondre \u00e0 votre demande.<\/p>\n<ul>\n<li> <a href=\"#\"> <span lang=\"en\">English<\/span><\/a> <\/li>\n<li> <a href=\"#\"> <span>Fran\u00e7ais<\/span><\/a> <\/li>\n<\/ul>\n<p> <span style=\"width: 100%;\"><img data-recalc-dims=\"1\" decoding=\"async\" alt=\"\" title=\"cbs-logo-bw (1)\" data-id=\"794\" src=\"https:\/\/i0.wp.com\/npm.wko.mybluehost.me\/wp-content\/uploads\/2019\/02\/cbs-logo-bw-1.png?resize=1147%2C289\" style=\"\" data-lazy-src=\"https:\/\/i0.wp.com\/npm.wko.mybluehost.me\/wp-content\/uploads\/2019\/02\/cbs-logo-bw-1.png\" width=\"1147\" height=\"289\" loading=\"lazy\"><img data-recalc-dims=\"1\" decoding=\"async\" loading=\"lazy\" alt=\"\" width=\"1147\" height=\"289\" title=\"cbs-logo-bw (1)\" data-id=\"794\" src=\"https:\/\/i0.wp.com\/npm.wko.mybluehost.me\/wp-content\/uploads\/2019\/02\/cbs-logo-bw-1.png?resize=1147%2C289\" style=\"width: 100%;\"><\/span><a href=\"https:\/\/www.facebook.com\/CreditBureauServicesCanada\/\" target=\"_blank\" rel=\"noopener\">  <\/a><a href=\"https:\/\/www.linkedin.com\/company\/credit-bureau-services-canada\/\" target=\"_blank\" rel=\"noopener\">  <\/a><\/p>\n<p style=\"text-align: center;\">\u200b\u200b\u00a9 2019 Credit Bureau Services Canada. &nbsp;Tous droits r\u00e9serv\u00e9s.<\/p>\n","protected":false},"excerpt":{"rendered":"<p>L&#8217;Agence De Recouvrement La Plus Fiable Au Canada&nbsp; \u200bDepuis 1932 \u200bCBSC, qui offre des services de recouvrement professionnels depuis 1932, est une soci\u00e9t\u00e9 priv\u00e9e exploit\u00e9e par plusieurs g\u00e9n\u00e9rations d\u2019une m\u00eame famille. &nbsp;&nbsp; \u200bNous avons \u00e9tabli notre r\u00e9putation comme partenaire de recouvrement juste, progressif et grandement respect\u00e9 de nombreuses entreprises canadiennes. \u200bPlusieurs de nos premiers partenariats [&hellip;]<\/p>\n","protected":false},"author":1,"featured_media":0,"parent":0,"menu_order":0,"comment_status":"closed","ping_status":"closed","template":"","meta":{"nf_dc_page":"","_exactmetrics_skip_tracking":false,"_exactmetrics_sitenote_active":false,"_exactmetrics_sitenote_note":"","_exactmetrics_sitenote_category":0,"footnotes":""},"class_list":["post-1389","page","type-page","status-publish","hentry"],"jetpack_sharing_enabled":true,"_links":{"self":[{"href":"https:\/\/cbscanada.com\/fr\/wp-json\/wp\/v2\/pages\/1389","targetHints":{"allow":["GET"]}}],"collection":[{"href":"https:\/\/cbscanada.com\/fr\/wp-json\/wp\/v2\/pages"}],"about":[{"href":"https:\/\/cbscanada.com\/fr\/wp-json\/wp\/v2\/types\/page"}],"author":[{"embeddable":true,"href":"https:\/\/cbscanada.com\/fr\/wp-json\/wp\/v2\/users\/1"}],"replies":[{"embeddable":true,"href":"https:\/\/cbscanada.com\/fr\/wp-json\/wp\/v2\/comments?post=1389"}],"version-history":[{"count":14,"href":"https:\/\/cbscanada.com\/fr\/wp-json\/wp\/v2\/pages\/1389\/revisions"}],"predecessor-version":[{"id":1997,"href":"https:\/\/cbscanada.com\/fr\/wp-json\/wp\/v2\/pages\/1389\/revisions\/1997"}],"wp:attachment":[{"href":"https:\/\/cbscanada.com\/fr\/wp-json\/wp\/v2\/media?parent=1389"}],"curies":[{"name":"wp","href":"https:\/\/api.w.org\/{rel}","templated":true}]}}