{"id":1420,"date":"2019-03-06T09:08:28","date_gmt":"2019-03-06T14:08:28","guid":{"rendered":"https:\/\/www.cbscanada.com\/portal\/"},"modified":"2019-04-18T14:34:26","modified_gmt":"2019-04-18T18:34:26","slug":"portal","status":"publish","type":"page","link":"https:\/\/cbscanada.com\/fr\/portal\/","title":{"rendered":"Portal"},"content":{"rendered":"<p style=\"text-align: left;\"><a href=\"\/portal\"><span><span>Login<\/span><\/span><\/a><\/p>\n<p style=\"text-align: right;\"><span><em><span>Call for a free consultation:<\/span><\/em>&nbsp; &nbsp;<\/span><span>1-800-263-4764<\/span><\/p>\n<p><span style=\"width: 100%;\"><a href=\"\/fr\/\"><img data-recalc-dims=\"1\" loading=\"lazy\" decoding=\"async\" alt=\"\" title=\"CBS-Canada-Logo\" data-id=\"19\" src=\"https:\/\/i0.wp.com\/npm.wko.mybluehost.me\/wp-content\/uploads\/2018\/03\/CBS-Canada-Logo.png?resize=600%2C148\" style=\"width: 100%;\" data-lazy-src=\"https:\/\/i0.wp.com\/npm.wko.mybluehost.me\/wp-content\/uploads\/2018\/03\/CBS-Canada-Logo.png\" data-was-processed=\"true\" width=\"600\" height=\"148\"><img data-recalc-dims=\"1\" decoding=\"async\" loading=\"lazy\" alt=\"\" title=\"CBS-Canada-Logo\" data-id=\"19\" src=\"https:\/\/i0.wp.com\/npm.wko.mybluehost.me\/wp-content\/uploads\/2018\/03\/CBS-Canada-Logo.png?resize=600%2C148\" style=\"width: 100%;\" width=\"600\" height=\"148\"><\/a><\/span><a href=\"javascript:void(0)\"><\/a><\/p>\n<ul id=\"menu-main-menu\" style=\"z-index: 7;\">\n<li id=\"tcb_custom_menu_4SjXWWjo\" data-selector=\"[data-css=&quot;tve-u-169160dc27c&quot;] #tcb_custom_menu_4SjXWWjo\" data-tcb_hover_state_parent=\"\"><a href=\"http:\/\/npm.wko.mybluehost.me\/fr\/list-an-account\/\"><span>Inscrire un compte<\/span><span><\/span><\/a><\/li>\n<li id=\"tcb_custom_menu_5402f616\" data-selector=\"[data-css=&quot;tve-u-169160dc27c&quot;] #tcb_custom_menu_5402f616\" data-tcb_hover_state_parent=\"\"><a href=\"http:\/\/npm.wko.mybluehost.me\/fr\/pay\/\"><span>Faire un paiement<\/span><span><\/span><\/a><\/li>\n<li id=\"tcb_custom_menu_AJiMJEUm\" data-selector=\"[data-css=&quot;tve-u-169160dc27c&quot;] #tcb_custom_menu_AJiMJEUm\" data-tcb_hover_state_parent=\"\"><a href=\"http:\/\/npm.wko.mybluehost.me\/fr\/about\/\"><span>\u00c0 notre sujet<\/span><span><\/span><\/a><\/li>\n<li id=\"tcb_custom_menu_uPcekmWu\" data-selector=\"[data-css=&quot;tve-u-169160dc27c&quot;] #tcb_custom_menu_uPcekmWu\"><a href=\"http:\/\/npm.wko.mybluehost.me\/fr\/reviews\/\"><span>T\u00e9moignages<\/span><span><\/span><\/a><\/li>\n<li id=\"tcb_custom_menu_RGFuiyBS\" data-selector=\"[data-css=&quot;tve-u-169160dc27c&quot;] #tcb_custom_menu_RGFuiyBS\" data-tcb_hover_state_parent=\"\"><a href=\"http:\/\/npm.wko.mybluehost.me\/fr\/contact\/\"><span>Nous Joindre<\/span><span><\/span><\/a><\/li>\n<\/ul>\n<p style=\"text-align: center;\"><span><em><span>Call for a free consultation:<\/span><\/em>&nbsp; &nbsp;<\/span><a href=\"tel:8002634764\"><span>1-800-263-4764<\/span><\/a><\/p>\n<p><span style=\"width: 100%;\"><a href=\"\/fr\/\"><img data-recalc-dims=\"1\" loading=\"lazy\" decoding=\"async\" alt=\"\" title=\"CBS-Canada-Logo\" data-id=\"19\" src=\"https:\/\/i0.wp.com\/npm.wko.mybluehost.me\/wp-content\/uploads\/2018\/03\/CBS-Canada-Logo.png?resize=600%2C148\" style=\"width: 100%;\" data-lazy-src=\"https:\/\/i0.wp.com\/npm.wko.mybluehost.me\/wp-content\/uploads\/2018\/03\/CBS-Canada-Logo.png\" data-was-processed=\"true\" width=\"600\" height=\"148\"><img data-recalc-dims=\"1\" decoding=\"async\" loading=\"lazy\" alt=\"\" title=\"CBS-Canada-Logo\" data-id=\"19\" src=\"https:\/\/i0.wp.com\/npm.wko.mybluehost.me\/wp-content\/uploads\/2018\/03\/CBS-Canada-Logo.png?resize=600%2C148\" style=\"width: 100%;\" width=\"600\" height=\"148\"><\/a><\/span><a href=\"javascript:void(0)\"><\/a><\/p>\n<ul id=\"menu-main-menu\" style=\"z-index: 6;\">\n<li id=\"tcb_custom_menu_4SjXWWjo\" data-selector=\"[data-css=&quot;tve-u-1693a0a0dde&quot;] #tcb_custom_menu_4SjXWWjo\" data-tcb_hover_state_parent=\"\"><a href=\"http:\/\/npm.wko.mybluehost.me\/fr\/list-an-account\/\"><span>Inscrire un compte<\/span><span><\/span><\/a><\/li>\n<li id=\"tcb_custom_menu_5402f616\" data-selector=\"[data-css=&quot;tve-u-1693a0a0dde&quot;] #tcb_custom_menu_5402f616\" data-tcb_hover_state_parent=\"\"><a href=\"http:\/\/npm.wko.mybluehost.me\/fr\/pay\/\"><span>Faire un paiement<\/span><span><\/span><\/a><\/li>\n<li id=\"tcb_custom_menu_AJiMJEUm\" data-selector=\"[data-css=&quot;tve-u-1693a0a0dde&quot;] #tcb_custom_menu_AJiMJEUm\" data-tcb_hover_state_parent=\"\"><a href=\"http:\/\/npm.wko.mybluehost.me\/fr\/about\/\"><span>\u00c0 notre sujet<\/span><span><\/span><\/a><\/li>\n<li id=\"tcb_custom_menu_uPcekmWu\" data-selector=\"[data-css=&quot;tve-u-1693a0a0dde&quot;] #tcb_custom_menu_uPcekmWu\"><a href=\"http:\/\/npm.wko.mybluehost.me\/fr\/reviews\/\"><span>T\u00e9moignages<\/span><span><\/span><\/a><\/li>\n<li id=\"tcb_custom_menu_RGFuiyBS\" data-selector=\"[data-css=&quot;tve-u-1693a0a0dde&quot;] #tcb_custom_menu_RGFuiyBS\" data-tcb_hover_state_parent=\"\"><a href=\"http:\/\/npm.wko.mybluehost.me\/fr\/contact\/\"><span>Nous joindre<\/span><span><\/span><\/a><\/li>\n<li id=\"tcb_custom_menu_KzY25kJi\" data-selector=\"[data-css=&quot;tve-u-1693a0a0dde&quot;] #tcb_custom_menu_KzY25kJi\"><a href=\"http:\/\/npm.wko.mybluehost.me\/fr\/portal\/\"><span>Login<\/span><span><\/span><\/a><\/li>\n<\/ul>\n<h1 style=\"text-align: center;\"><strong><span data-id=\"0\" data-type=\"true\" style=\"display: none; line-height: 0;\">\u200b<\/span>List An Account<span data-id=\"0\" data-type=\"false\" style=\"display: none; line-height: 0;\">\u200b<\/span><\/strong><\/h1>\n<p style=\"text-align: center;\"><em>List as many accounts, as often, as you like<\/em><\/p>\n<ul>\n<li><a href=\"#\"><span>English<\/span><\/a><\/li>\n<li><a href=\"#\"><span>Fran\u00e7ais<\/span><\/a><\/li>\n<\/ul>\n<p><span style=\"width: 100%;\"><img data-recalc-dims=\"1\" loading=\"lazy\" decoding=\"async\" alt=\"\" title=\"cbs-logo-bw (1)\" data-id=\"794\" src=\"https:\/\/i0.wp.com\/npm.wko.mybluehost.me\/wp-content\/uploads\/2019\/02\/cbs-logo-bw-1.png?resize=1147%2C289\" style=\"width: 100%;\" data-lazy-src=\"https:\/\/i0.wp.com\/npm.wko.mybluehost.me\/wp-content\/uploads\/2019\/02\/cbs-logo-bw-1.png\" data-was-processed=\"true\" width=\"1147\" height=\"289\"><img data-recalc-dims=\"1\" decoding=\"async\" loading=\"lazy\" alt=\"\" title=\"cbs-logo-bw (1)\" data-id=\"794\" src=\"https:\/\/i0.wp.com\/npm.wko.mybluehost.me\/wp-content\/uploads\/2019\/02\/cbs-logo-bw-1.png?resize=1147%2C289\" style=\"width: 100%;\" width=\"1147\" height=\"289\"><\/span><a href=\"https:\/\/www.facebook.com\/CreditBureauServicesCanada\/\" target=\"_blank\" rel=\"noopener noreferrer\">                    <\/a><a href=\"https:\/\/www.linkedin.com\/company\/credit-bureau-services-canada\/\" target=\"_blank\" rel=\"noopener noreferrer\">                    <\/a><\/p>\n<p style=\"text-align: center;\">\u200b\u00a9 2019 Credit Bureau Services Canada. &nbsp;Tous droits r\u00e9serv\u00e9s.<\/p>\n<p>\u200bCredit Bureau Services Canada s\u2019engage \u00e0 respecter la confidentialit\u00e9 des particuliers et reconna\u00eet le besoin d\u2019une gestion et d\u2019une protection appropri\u00e9es de tous les renseignements personnels que vous acceptez de nous transmettre. Nous ne divulguerons pas vos renseignements \u00e0 des tiers qui ne font pas partie de notre organisation, sauf dans la mesure n\u00e9cessaire pour r\u00e9pondre \u00e0 votre demande.<\/p>\n<p><span style=\"width: 100%;\"><img data-recalc-dims=\"1\" loading=\"lazy\" decoding=\"async\" alt=\"\" title=\"cbs-logo-bw (1)\" data-id=\"794\" src=\"https:\/\/i0.wp.com\/npm.wko.mybluehost.me\/wp-content\/uploads\/2019\/02\/cbs-logo-bw-1.png?resize=1147%2C289\" style=\"width: 100%;\" data-lazy-src=\"https:\/\/i0.wp.com\/npm.wko.mybluehost.me\/wp-content\/uploads\/2019\/02\/cbs-logo-bw-1.png\" data-was-processed=\"true\" width=\"1147\" height=\"289\"><img data-recalc-dims=\"1\" decoding=\"async\" loading=\"lazy\" alt=\"\" title=\"cbs-logo-bw (1)\" data-id=\"794\" src=\"https:\/\/i0.wp.com\/npm.wko.mybluehost.me\/wp-content\/uploads\/2019\/02\/cbs-logo-bw-1.png?resize=1147%2C289\" style=\"width: 100%;\" width=\"1147\" height=\"289\"><\/span><a href=\"https:\/\/www.facebook.com\/CreditBureauServicesCanada\/\" target=\"_blank\" rel=\"noopener noreferrer\">                    <\/a><a href=\"https:\/\/www.linkedin.com\/company\/credit-bureau-services-canada\/\" target=\"_blank\" rel=\"noopener noreferrer\">                    <\/a><\/p>\n<p style=\"text-align: center;\">\u200b\u200b\u00a9 2019 Credit Bureau Services Canada. &nbsp;Tous droits r\u00e9serv\u00e9s.<\/p>\n","protected":false},"excerpt":{"rendered":"<p>Login Call for a free consultation:&nbsp; &nbsp;1-800-263-4764 Inscrire un compte Faire un paiement \u00c0 notre sujet T\u00e9moignages Nous Joindre Call for a free consultation:&nbsp; &nbsp;1-800-263-4764 Inscrire un compte Faire un paiement \u00c0 notre sujet T\u00e9moignages Nous joindre Login \u200bList An Account\u200b List as many accounts, as often, as you like English Fran\u00e7ais \u200b\u00a9 2019 Credit [&hellip;]<\/p>\n","protected":false},"author":1,"featured_media":0,"parent":0,"menu_order":0,"comment_status":"closed","ping_status":"closed","template":"","meta":{"nf_dc_page":"","_exactmetrics_skip_tracking":false,"_exactmetrics_sitenote_active":false,"_exactmetrics_sitenote_note":"","_exactmetrics_sitenote_category":0,"footnotes":""},"class_list":["post-1420","page","type-page","status-publish","hentry"],"jetpack_sharing_enabled":true,"_links":{"self":[{"href":"https:\/\/cbscanada.com\/fr\/wp-json\/wp\/v2\/pages\/1420","targetHints":{"allow":["GET"]}}],"collection":[{"href":"https:\/\/cbscanada.com\/fr\/wp-json\/wp\/v2\/pages"}],"about":[{"href":"https:\/\/cbscanada.com\/fr\/wp-json\/wp\/v2\/types\/page"}],"author":[{"embeddable":true,"href":"https:\/\/cbscanada.com\/fr\/wp-json\/wp\/v2\/users\/1"}],"replies":[{"embeddable":true,"href":"https:\/\/cbscanada.com\/fr\/wp-json\/wp\/v2\/comments?post=1420"}],"version-history":[{"count":1,"href":"https:\/\/cbscanada.com\/fr\/wp-json\/wp\/v2\/pages\/1420\/revisions"}],"predecessor-version":[{"id":1421,"href":"https:\/\/cbscanada.com\/fr\/wp-json\/wp\/v2\/pages\/1420\/revisions\/1421"}],"wp:attachment":[{"href":"https:\/\/cbscanada.com\/fr\/wp-json\/wp\/v2\/media?parent=1420"}],"curies":[{"name":"wp","href":"https:\/\/api.w.org\/{rel}","templated":true}]}}